{"id":34414,"date":"2021-07-09T20:18:03","date_gmt":"2021-07-09T18:18:03","guid":{"rendered":"https:\/\/hentai-ita.net\/it\/?page_id=34414"},"modified":"2021-08-20T20:44:07","modified_gmt":"2021-08-20T18:44:07","slug":"assunzioni","status":"publish","type":"page","link":"https:\/\/hentai-ita.net\/it\/assunzioni\/","title":{"rendered":"Assunzioni"},"content":{"rendered":"\n<p>Stiamo cercando persone che vogliano entrare a far parte del nostro Staff nel ruolo di: 3D artists, scrittori o scrittrici, Vocal artists, modelle.<\/p>\n\n\n\n<p>Rimangono inoltre aperte le posizioni di: traduttore o traduttrice e web designer, anche se al momento non forniamo incarichi per questi ruoli.<\/p>\n\n\n\n<div style=\"height:12px\" aria-hidden=\"true\" class=\"wp-block-spacer\"><\/div>\n\n\n\n<div class=\"wp-block-columns is-layout-flex wp-container-core-columns-is-layout-9d6595d7 wp-block-columns-is-layout-flex\">\n<div class=\"wp-block-column is-layout-flow wp-block-column-is-layout-flow\">\n<div class=\"wp-block-buttons is-layout-flex wp-block-buttons-is-layout-flex\">\n<div class=\"wp-block-button has-custom-width wp-block-button__width-100\"><a class=\"wp-block-button__link\">Traduzione<\/a><\/div>\n<\/div>\n<\/div>\n\n\n\n<div class=\"wp-block-column is-layout-flow wp-block-column-is-layout-flow\">\n<div class=\"wp-block-buttons is-layout-flex wp-block-buttons-is-layout-flex\">\n<div class=\"wp-block-button has-custom-width wp-block-button__width-100\"><a class=\"wp-block-button__link\">Traduzione + editing<\/a><\/div>\n<\/div>\n<\/div>\n\n\n\n<div class=\"wp-block-column is-layout-flow wp-block-column-is-layout-flow\">\n<div class=\"wp-block-buttons is-layout-flex wp-block-buttons-is-layout-flex\">\n<div class=\"wp-block-button has-custom-width wp-block-button__width-100\"><a class=\"wp-block-button__link\">Scrittura<\/a><\/div>\n<\/div>\n<\/div>\n<\/div>\n\n\n\n<div class=\"wp-block-columns is-layout-flex wp-container-core-columns-is-layout-9d6595d7 wp-block-columns-is-layout-flex\">\n<div class=\"wp-block-column is-layout-flow wp-block-column-is-layout-flow\">\n<div class=\"wp-block-buttons is-layout-flex wp-block-buttons-is-layout-flex\">\n<div class=\"wp-block-button has-custom-width wp-block-button__width-100\"><a class=\"wp-block-button__link\">3D artists<\/a><\/div>\n<\/div>\n<\/div>\n\n\n\n<div class=\"wp-block-column is-layout-flow wp-block-column-is-layout-flow\">\n<div class=\"wp-block-buttons is-layout-flex wp-block-buttons-is-layout-flex\">\n<div class=\"wp-block-button has-custom-width wp-block-button__width-100\"><a class=\"wp-block-button__link\">3D sculptors<\/a><\/div>\n<\/div>\n<\/div>\n\n\n\n<div class=\"wp-block-column is-layout-flow wp-block-column-is-layout-flow\">\n<div class=\"wp-block-buttons is-layout-flex wp-block-buttons-is-layout-flex\">\n<div class=\"wp-block-button has-custom-width wp-block-button__width-100\"><a class=\"wp-block-button__link\">Programmazione<\/a><\/div>\n<\/div>\n<\/div>\n<\/div>\n\n\n\n<div class=\"wp-block-columns is-layout-flex wp-container-core-columns-is-layout-9d6595d7 wp-block-columns-is-layout-flex\">\n<div class=\"wp-block-column is-layout-flow wp-block-column-is-layout-flow\">\n<div class=\"wp-block-buttons is-layout-flex wp-block-buttons-is-layout-flex\">\n<div class=\"wp-block-button has-custom-width wp-block-button__width-100\"><a class=\"wp-block-button__link has-background\" style=\"background-color:#b0409d\">Vocal artists<\/a><\/div>\n<\/div>\n<\/div>\n\n\n\n<div class=\"wp-block-column is-layout-flow wp-block-column-is-layout-flow\">\n<div class=\"wp-block-buttons is-layout-flex wp-block-buttons-is-layout-flex\">\n<div class=\"wp-block-button has-custom-width wp-block-button__width-100\"><a class=\"wp-block-button__link has-background\" style=\"background-color:#b0409d\">Modelle<\/a><\/div>\n<\/div>\n<\/div>\n\n\n\n<div class=\"wp-block-column is-layout-flow wp-block-column-is-layout-flow\">\n<div class=\"wp-block-buttons is-layout-flex wp-block-buttons-is-layout-flex\">\n<div class=\"wp-block-button has-custom-width wp-block-button__width-100\"><a class=\"wp-block-button__link has-background\" style=\"background-color:#b0409d\">Yaoi fan<\/a><\/div>\n<\/div>\n<\/div>\n<\/div>\n\n\n\n<div class=\"wp-block-columns is-layout-flex wp-container-core-columns-is-layout-9d6595d7 wp-block-columns-is-layout-flex\">\n<div class=\"wp-block-column is-layout-flow wp-block-column-is-layout-flow\">\n<div class=\"wp-block-buttons is-layout-flex wp-block-buttons-is-layout-flex\">\n<div class=\"wp-block-button has-custom-width wp-block-button__width-100\"><a class=\"wp-block-button__link\">Inserimento contenuti<\/a><\/div>\n<\/div>\n<\/div>\n\n\n\n<div class=\"wp-block-column is-layout-flow wp-block-column-is-layout-flow\">\n<div class=\"wp-block-buttons is-layout-flex wp-block-buttons-is-layout-flex\">\n<div class=\"wp-block-button has-custom-width wp-block-button__width-100\"><a class=\"wp-block-button__link\">Archiviazione<\/a><\/div>\n<\/div>\n<\/div>\n\n\n\n<div class=\"wp-block-column is-layout-flow wp-block-column-is-layout-flow\">\n<div class=\"wp-block-buttons is-layout-flex wp-block-buttons-is-layout-flex\">\n<div class=\"wp-block-button has-custom-width wp-block-button__width-100\"><a class=\"wp-block-button__link\">Web designer<\/a><\/div>\n<\/div>\n<\/div>\n<\/div>\n\n\n\n<div style=\"height:30px\" aria-hidden=\"true\" class=\"wp-block-spacer\"><\/div>\n\n\n\n<h3 class=\"wp-block-heading\"><strong>Traduttori e traduttrici<\/strong><\/h3>\n\n\n\n<p>Cerchiamo persone che vogliano entrare a far parte del nostro Staff come traduttori, o traduttrici, di fumetti, giochi e video.<\/p>\n\n\n\n<p>Per presentare la vostra candidatura inviate una mail a:<\/p>\n\n\n\n<p><strong>admin@hentai-ita.net<\/strong><\/p>\n\n\n\n<p>Allegate alla mail la traduzione di questo <strong><a href=\"https:\/\/hentai-ita.net\/it\/staff\/test.zip\">Test<\/a><\/strong><\/p>\n\n\n\n<p>I compensi per i lavori da svolgere verranno discussi privatamente una volta approvata la candidatura.<\/p>\n\n\n\n<p>Un consiglio: evitate traduzioni troppo letterali, la totale fedelt\u00e0 al testo non \u00e8 importante, ci\u00f2 che conta \u00e8 il senso delle espressioni e la scorrevolezza dei dialoghi.<\/p>\n\n\n\n<div style=\"height:30px\" aria-hidden=\"true\" class=\"wp-block-spacer\"><\/div>\n\n\n\n<hr class=\"wp-block-separator is-style-wide\"\/>\n\n\n\n<div style=\"height:12px\" aria-hidden=\"true\" class=\"wp-block-spacer\"><\/div>\n\n\n\n<h3 class=\"wp-block-heading\"><strong>3D artists<\/strong><\/h3>\n\n\n\n<p>Cerchiamo artisti 3D per un importante progetto che prevede la realizzazione autonoma di giochi porno. Il candidato, o la candidata, dovr\u00e0 essere in grado di modificare, in base alle nostre indicazioni, i modelli 3D che gli verranno forniti (non \u00e8 richiesta la realizzazione di modelli 3D da zero). Gli verr\u00e0, o le verr\u00e0, richiesto di inserire tali modelli all&#8217;interno di scenari preimpostati per poter realizzare delle immagini o dei brevi video (generalmente di pochi secondi).<\/p>\n\n\n\n<p>Il livello di qualit\u00e0 richiesto per questo lavoro \u00e8 ben rappresentato dalle immagini qui sotto:<\/p>\n\n\n\n<div class=\"wp-block-columns is-layout-flex wp-container-core-columns-is-layout-9d6595d7 wp-block-columns-is-layout-flex\">\n<div class=\"wp-block-column is-layout-flow wp-block-column-is-layout-flow\">\n<figure class=\"wp-block-image size-large\"><img decoding=\"async\" width=\"720\" height=\"720\" data-src=\"https:\/\/hentai-ita.net\/it\/wp-content\/uploads\/2021\/07\/1348_hotelroom_6.jpg\" alt=\"\" class=\"wp-image-34415 lazyload\" data-srcset=\"https:\/\/hentai-ita.net\/it\/wp-content\/uploads\/2021\/07\/1348_hotelroom_6.jpg 720w, https:\/\/hentai-ita.net\/it\/wp-content\/uploads\/2021\/07\/1348_hotelroom_6-300x300.jpg 300w, https:\/\/hentai-ita.net\/it\/wp-content\/uploads\/2021\/07\/1348_hotelroom_6-150x150.jpg 150w, https:\/\/hentai-ita.net\/it\/wp-content\/uploads\/2021\/07\/1348_hotelroom_6-350x350.jpg 350w, https:\/\/hentai-ita.net\/it\/wp-content\/uploads\/2021\/07\/1348_hotelroom_6-512x512.jpg 512w\" data-sizes=\"(max-width: 720px) 100vw, 720px\" src=\"data:image\/svg+xml;base64,PHN2ZyB3aWR0aD0iMSIgaGVpZ2h0PSIxIiB4bWxucz0iaHR0cDovL3d3dy53My5vcmcvMjAwMC9zdmciPjwvc3ZnPg==\" style=\"--smush-placeholder-width: 720px; --smush-placeholder-aspect-ratio: 720\/720;\" \/><\/figure>\n<\/div>\n\n\n\n<div class=\"wp-block-column is-layout-flow wp-block-column-is-layout-flow\">\n<figure class=\"wp-block-image size-large\"><img decoding=\"async\" width=\"720\" height=\"720\" data-src=\"https:\/\/hentai-ita.net\/it\/wp-content\/uploads\/2021\/07\/2460_ghome_9.jpg\" alt=\"\" class=\"wp-image-34416 lazyload\" data-srcset=\"https:\/\/hentai-ita.net\/it\/wp-content\/uploads\/2021\/07\/2460_ghome_9.jpg 720w, https:\/\/hentai-ita.net\/it\/wp-content\/uploads\/2021\/07\/2460_ghome_9-300x300.jpg 300w, https:\/\/hentai-ita.net\/it\/wp-content\/uploads\/2021\/07\/2460_ghome_9-150x150.jpg 150w, https:\/\/hentai-ita.net\/it\/wp-content\/uploads\/2021\/07\/2460_ghome_9-350x350.jpg 350w, https:\/\/hentai-ita.net\/it\/wp-content\/uploads\/2021\/07\/2460_ghome_9-512x512.jpg 512w\" data-sizes=\"(max-width: 720px) 100vw, 720px\" src=\"data:image\/svg+xml;base64,PHN2ZyB3aWR0aD0iMSIgaGVpZ2h0PSIxIiB4bWxucz0iaHR0cDovL3d3dy53My5vcmcvMjAwMC9zdmciPjwvc3ZnPg==\" style=\"--smush-placeholder-width: 720px; --smush-placeholder-aspect-ratio: 720\/720;\" \/><\/figure>\n<\/div>\n\n\n\n<div class=\"wp-block-column is-layout-flow wp-block-column-is-layout-flow\">\n<figure class=\"wp-block-image size-large\"><img decoding=\"async\" width=\"720\" height=\"720\" data-src=\"https:\/\/hentai-ita.net\/it\/wp-content\/uploads\/2021\/07\/3820a1_gym_12.jpg\" alt=\"\" class=\"wp-image-34417 lazyload\" data-srcset=\"https:\/\/hentai-ita.net\/it\/wp-content\/uploads\/2021\/07\/3820a1_gym_12.jpg 720w, https:\/\/hentai-ita.net\/it\/wp-content\/uploads\/2021\/07\/3820a1_gym_12-300x300.jpg 300w, https:\/\/hentai-ita.net\/it\/wp-content\/uploads\/2021\/07\/3820a1_gym_12-150x150.jpg 150w, https:\/\/hentai-ita.net\/it\/wp-content\/uploads\/2021\/07\/3820a1_gym_12-350x350.jpg 350w, https:\/\/hentai-ita.net\/it\/wp-content\/uploads\/2021\/07\/3820a1_gym_12-512x512.jpg 512w\" data-sizes=\"(max-width: 720px) 100vw, 720px\" src=\"data:image\/svg+xml;base64,PHN2ZyB3aWR0aD0iMSIgaGVpZ2h0PSIxIiB4bWxucz0iaHR0cDovL3d3dy53My5vcmcvMjAwMC9zdmciPjwvc3ZnPg==\" style=\"--smush-placeholder-width: 720px; --smush-placeholder-aspect-ratio: 720\/720;\" \/><\/figure>\n<\/div>\n<\/div>\n\n\n\n<p>Per presentare la vostra candidatura inviate una mail a:<\/p>\n\n\n\n<p><strong>admin@hentai-ita.net<\/strong><\/p>\n\n\n\n<p>inserendo il link del vostro portoflio o allegando i vostri lavori migliori.<\/p>\n\n\n\n<p>I compensi verranno pattuiti privatamente.<\/p>\n\n\n\n<div style=\"height:30px\" aria-hidden=\"true\" class=\"wp-block-spacer\"><\/div>\n\n\n\n<hr class=\"wp-block-separator is-style-wide\"\/>\n\n\n\n<div style=\"height:12px\" aria-hidden=\"true\" class=\"wp-block-spacer\"><\/div>\n\n\n\n<h3 class=\"wp-block-heading\"><strong>Scrittori e scrittrici<\/strong><\/h3>\n\n\n\n<p>Cerchiamo persone appassionate di scrittura che siano in grado di produrre racconti, fan fiction, sceneggiature (per giochi o fumetti) di qualit\u00e0.<\/p>\n\n\n\n<p>Per presentare la vostra candidatura inviate una mail a:<\/p>\n\n\n\n<p><strong>admin@hentai-ita.net<\/strong><\/p>\n\n\n\n<p>allegando i vostri lavori migliori.<\/p>\n\n\n\n<p>I compensi verranno pattuiti privatamente.<\/p>\n\n\n\n<div style=\"height:30px\" aria-hidden=\"true\" class=\"wp-block-spacer\"><\/div>\n\n\n\n<hr class=\"wp-block-separator is-style-wide\"\/>\n\n\n\n<div style=\"height:12px\" aria-hidden=\"true\" class=\"wp-block-spacer\"><\/div>\n\n\n\n<h3 class=\"wp-block-heading\"><strong>Vocal artists<\/strong><\/h3>\n\n\n\n<p>Cerchiamo ragazze che siano disposte a prestare la propria voce per il doppiaggio di video hentai, la lettura di racconti erotici (o fan fiction erotiche) e la produzione di ASMR (anch&#8217;essi a sfondo erotico). Per avere maggiori dettagli su questo tipo di incarichi inviate una mail a:<\/p>\n\n\n\n<p><strong>admin@hentai-ita.net<\/strong><\/p>\n\n\n\n<p>I compensi verranno pattuiti privatamente.<\/p>\n\n\n\n<div style=\"height:30px\" aria-hidden=\"true\" class=\"wp-block-spacer\"><\/div>\n\n\n\n<hr class=\"wp-block-separator is-style-wide\"\/>\n\n\n\n<div style=\"height:12px\" aria-hidden=\"true\" class=\"wp-block-spacer\"><\/div>\n\n\n\n<h3 class=\"wp-block-heading\"><strong>Modelle<\/strong><\/h3>\n\n\n\n<p>Cerchiamo ragazze che siano disposte a realizzare set fotografici che comprendano immagini di nudo (integrale o anche solo parziale). Tali set possono essere realizzati in maniera autonoma oppure con l&#8217;aiuto di un nostro fotografo professionista. Sar\u00e0 possibile applicare delle censure alle foto per evitare il riconoscimento. I compensi variano in base a diversi fattori e verranno pattuiti privatamente. Per avere maggiori dettagli scrivete a:<\/p>\n\n\n\n<p><strong>admin@hentai-ita.net<\/strong><\/p>\n\n\n\n<div style=\"height:40px\" aria-hidden=\"true\" class=\"wp-block-spacer\"><\/div>\n","protected":false},"excerpt":{"rendered":"<p>Stiamo cercando persone che vogliano entrare a far parte del nostro Staff nel ruolo di: 3D artists, scrittori&#8230;<\/p>\n","protected":false},"author":1,"featured_media":34415,"parent":0,"menu_order":0,"comment_status":"closed","ping_status":"closed","template":"","meta":{"pgc_sgb_lightbox_settings":"","footnotes":""},"class_list":["post-34414","page","type-page","status-publish","has-post-thumbnail"],"_links":{"self":[{"href":"https:\/\/hentai-ita.net\/it\/wp-json\/wp\/v2\/pages\/34414","targetHints":{"allow":["GET"]}}],"collection":[{"href":"https:\/\/hentai-ita.net\/it\/wp-json\/wp\/v2\/pages"}],"about":[{"href":"https:\/\/hentai-ita.net\/it\/wp-json\/wp\/v2\/types\/page"}],"author":[{"embeddable":true,"href":"https:\/\/hentai-ita.net\/it\/wp-json\/wp\/v2\/users\/1"}],"replies":[{"embeddable":true,"href":"https:\/\/hentai-ita.net\/it\/wp-json\/wp\/v2\/comments?post=34414"}],"version-history":[{"count":22,"href":"https:\/\/hentai-ita.net\/it\/wp-json\/wp\/v2\/pages\/34414\/revisions"}],"predecessor-version":[{"id":41482,"href":"https:\/\/hentai-ita.net\/it\/wp-json\/wp\/v2\/pages\/34414\/revisions\/41482"}],"wp:featuredmedia":[{"embeddable":true,"href":"https:\/\/hentai-ita.net\/it\/wp-json\/wp\/v2\/media\/34415"}],"wp:attachment":[{"href":"https:\/\/hentai-ita.net\/it\/wp-json\/wp\/v2\/media?parent=34414"}],"curies":[{"name":"wp","href":"https:\/\/api.w.org\/{rel}","templated":true}]}}